{"id":1162,"date":"2017-10-24T18:07:51","date_gmt":"2017-10-24T18:07:51","guid":{"rendered":"https:\/\/tugobikeshare.com\/?page_id=1162"},"modified":"2017-12-20T20:38:33","modified_gmt":"2017-12-20T20:38:33","slug":"descuento-tugo-para-la-tercera-edad","status":"publish","type":"page","link":"https:\/\/tugobikeshare.com\/es\/descuento-tugo-para-la-tercera-edad\/","title":{"rendered":"DESCUENTO TUGO PARA LA TERCERA EDAD"},"content":{"rendered":"<p>&nbsp;<\/p>\n<h1>DESCUENTO TUGO PARA LA TERCERA EDAD<\/h1>\n<p>&nbsp;<\/p>\n<p>Tugo ofrece un Pase Anual rebajado para personas de la tercera edad de 65 a\u00f1os de edad o mayores. Disfrute Tugo por un a\u00f1o por solo $65.<\/p>\n<p><a role=\"button\" href=\"https:\/\/tugobikeshare.com\/members\/register\" target=\"_self\"><br \/>\nInscr\u00edbase hoy<br \/>\n<\/a><br \/>\n<img loading=\"lazy\" decoding=\"async\" src=\"https:\/\/tugobikeshare.com\/wp-content\/uploads\/2017\/03\/m-tugo_4.jpg\" alt=\"m-tugo_4\" width=\"500\" height=\"358\" \/><\/p>\n","protected":false},"excerpt":{"rendered":"<p>&nbsp; DESCUENTO TUGO PARA LA TERCERA EDAD &nbsp; Tugo ofrece un Pase Anual rebajado para personas de la tercera edad de 65 a\u00f1os de edad o mayores. Disfrute Tugo por un a\u00f1o por solo $65. Inscr\u00edbase hoy<\/p>\n","protected":false},"author":1,"featured_media":0,"parent":0,"menu_order":0,"comment_status":"closed","ping_status":"closed","template":"","meta":{"_acf_changed":false,"footnotes":""},"class_list":["post-1162","page","type-page","status-publish","hentry"],"acf":[],"_links":{"self":[{"href":"https:\/\/tugobikeshare.com\/es\/wp-json\/wp\/v2\/pages\/1162","targetHints":{"allow":["GET"]}}],"collection":[{"href":"https:\/\/tugobikeshare.com\/es\/wp-json\/wp\/v2\/pages"}],"about":[{"href":"https:\/\/tugobikeshare.com\/es\/wp-json\/wp\/v2\/types\/page"}],"author":[{"embeddable":true,"href":"https:\/\/tugobikeshare.com\/es\/wp-json\/wp\/v2\/users\/1"}],"replies":[{"embeddable":true,"href":"https:\/\/tugobikeshare.com\/es\/wp-json\/wp\/v2\/comments?post=1162"}],"version-history":[{"count":10,"href":"https:\/\/tugobikeshare.com\/es\/wp-json\/wp\/v2\/pages\/1162\/revisions"}],"predecessor-version":[{"id":1644,"href":"https:\/\/tugobikeshare.com\/es\/wp-json\/wp\/v2\/pages\/1162\/revisions\/1644"}],"wp:attachment":[{"href":"https:\/\/tugobikeshare.com\/es\/wp-json\/wp\/v2\/media?parent=1162"}],"curies":[{"name":"wp","href":"https:\/\/api.w.org\/{rel}","templated":true}]}}