{"id":1082,"date":"2017-03-16T14:18:39","date_gmt":"2017-03-16T14:18:39","guid":{"rendered":"https:\/\/tugobikeshare.com\/programa-de-pase-corporativo-y-comunitario\/"},"modified":"2017-12-20T19:18:23","modified_gmt":"2017-12-20T19:18:23","slug":"programa-de-pase-corporativo-y-comunitario","status":"publish","type":"page","link":"https:\/\/tugobikeshare.com\/es\/programa-de-pase-corporativo-y-comunitario\/","title":{"rendered":"PROGRAMA DE PASE CORPORATIVO Y COMUNITARIO"},"content":{"rendered":"    <div class=\"col-xs-12 col-sm-12 col-md-12 col-lg-12 bgthubpad alignCenter\">\n      <h1>PROGRAMA DE PASE CORPORATIVO Y COMUNITARIO<\/h1>\n      <div><\/div>\n    <\/div>\n\n<p style=\"text-align: center;\">\u00bfDesea ofrecer un beneficio pr\u00e1ctico, asequible y saludable para sus empleados o miembros? \u00a1TuGo es la opci\u00f3n para usted!<\/p>\n<p><a role=\"button\" href=\"https:\/\/docs.google.com\/forms\/d\/e\/1FAIpQLScsZAAYfxMqi4J-ldxEYYGsEtNWEP6g8EKqDo5hxRa_K1_z_Q\/viewform?c=0&amp;w=1\" target=\"_self\"><br \/>\nINSCR\u00cdBASE AHORA<br \/>\n<\/a><br \/>\nELIJA SU NIVEL<\/p>\n<p>El Pase corporativo y comunitario es un Pase anual en donde los usuarios pueden disfrutar de viajes ilimitados de 30 minutos o menos sin pagar cuotas por encima del l\u00edmite.<\/p>\n<p>&nbsp;<\/p>\n<table style=\"width: 1075px;\">\n<tbody>\n<tr>\n<td style=\"width: 275px;\"><strong>Nivel<\/strong><\/td>\n<td style=\"width: 414px;\"><strong>Contribuci\u00f3n de la empresa<\/strong><\/td>\n<td style=\"width: 368px;\"><strong>Contribuci\u00f3n del empleado\/miembro<\/strong><\/td>\n<\/tr>\n<tr>\n<td style=\"width: 275px;\">1<sup>a<\/sup>\u00a0velocidad<\/td>\n<td style=\"width: 414px;\">$60 por usuario; 100+ pases<\/td>\n<td style=\"width: 368px;\">$0<\/td>\n<\/tr>\n<tr>\n<td style=\"width: 275px;\">2<sup>a<\/sup>\u00a0velocidad<\/td>\n<td style=\"width: 414px;\">$60 por usuario<\/td>\n<td style=\"width: 368px;\">$0 m\u00e1s cuotas por encima del l\u00edmite<\/td>\n<\/tr>\n<tr>\n<td style=\"width: 275px;\">3<sup>a<\/sup>\u00a0velocidad<\/td>\n<td style=\"width: 414px;\">$30 por usuario<\/td>\n<td style=\"width: 368px;\">$30 m\u00e1s cuotas por encima del l\u00edmite<\/td>\n<\/tr>\n<tr>\n<td style=\"width: 275px;\">4<sup>a<\/sup>\u00a0velocidad<\/td>\n<td style=\"width: 414px;\">Cuota \u00fanica de $100, $0 por usuario<\/td>\n<td style=\"width: 368px;\">$70 m\u00e1s cuotas por encima del l\u00edmite<\/td>\n<\/tr>\n<\/tbody>\n<\/table>\n<p><img loading=\"lazy\" decoding=\"async\" src=\"https:\/\/tugobikeshare.com\/wp-content\/uploads\/2017\/03\/1.jpg\" alt=\"1\" width=\"540\" height=\"404\" \/><br \/>\nC\u00d3MO FUNCIONA<\/p>\n<p><strong>1) Inscr\u00edbase<\/strong><\/p>\n<p>Llenar el formulario de inscripci\u00f3n, firmar un contrato e indicar su nivel de participaci\u00f3n.<\/p>\n<p>&nbsp;<\/p>\n<p><strong>2) Corra la voz<\/strong><\/p>\n<p>Nosotros le ofrecemos folletos de marketing que puede compartir sobre este nuevo beneficio con sus empleados y miembros. TuGo compartir\u00e1 tambi\u00e9n su participaci\u00f3n en nuestro sitio.<\/p>\n<p>&nbsp;<\/p>\n<p><strong>3) Reg\u00edstrese<\/strong><br \/>\nTuGo generar\u00e1 c\u00f3digos \u00fanicos que podr\u00e1 compartir con sus empleados o miembros. Cada usuario puede canjear su c\u00f3digo en mogodetroit.org\/members\/login y manejar su cuenta personal.<\/p>\n<p>&nbsp;<\/p>\n<p><strong>4) Pagar la cuenta<\/strong><br \/>\nDependiendo de su nivel de participaci\u00f3n puede recibir:<\/p>\n<ul>\n<li>Una factura por a\u00f1o por el n\u00famero de pases anuales comprados.<\/li>\n<li>Una factura por mes que indique la cantidad del n\u00famero de nuevos usuarios inscritos y cualquier cuota por encima del l\u00edmite (si corresponde).<\/li>\n<\/ul>\n<p><a role=\"button\" href=\"https:\/\/tugobikeshare.com\/preguntas-frecuentes\/\" target=\"_self\"><br \/>\nPREGUNTAS FRECUENTES<br \/>\n<\/a><br \/>\n<a role=\"button\" href=\"https:\/\/goo.gl\/forms\/U2eyJXJZHRzSeXMS2\" target=\"_self\"><br \/>\nINSCR\u00cdBASE AHORA<br \/>\n<\/a><br \/>\n<img loading=\"lazy\" decoding=\"async\" src=\"https:\/\/tugobikeshare.com\/wp-content\/uploads\/2017\/10\/pic.png\" alt=\"pic\" width=\"582\" height=\"438\" \/><br \/>\nPASES DIARIOS EN VOLUMEN<\/p>\n<p>\u00bfBusca un beneficio de corto plazo para empleados, miembros, voluntarios o visitantes? Tambi\u00e9n ofrecemos descuentos por compras en volumen para los pases diarios MoGo.<\/p>\n<p>&nbsp;<\/p>\n<p>\u00a1Env\u00ede un correo electr\u00f3nico a passes@mogodetroit.org para poner su pedido ahora!<\/p>\n<p>&nbsp;<\/p>\n<table width=\"516\">\n<tbody>\n<tr>\n<td><strong>N\u00famero de pases<\/strong><\/td>\n<td><strong>Precio por pase<\/strong><\/td>\n<\/tr>\n<tr>\n<td>0 \u2013 50<\/td>\n<td>$8.00<\/td>\n<\/tr>\n<tr>\n<td>51 \u2013 100<\/td>\n<td>$7.00<\/td>\n<\/tr>\n<tr>\n<td>101 \u2013 300<\/td>\n<td>$6.00<\/td>\n<\/tr>\n<tr>\n<td>301 \u2013 500<\/td>\n<td>$5.00<\/td>\n<\/tr>\n<tr>\n<td>501 \u2013 1,000<\/td>\n<td>$4.50<\/td>\n<\/tr>\n<tr>\n<td>1,000+<\/td>\n<td>$4.00<\/td>\n<\/tr>\n<\/tbody>\n<\/table>\n","protected":false},"excerpt":{"rendered":"<p>\u00bfDesea ofrecer un beneficio pr\u00e1ctico, asequible y saludable para sus empleados o miembros? \u00a1TuGo es la opci\u00f3n para usted! INSCR\u00cdBASE AHORA ELIJA SU NIVEL El Pase corporativo y comunitario es un Pase anual en donde los usuarios pueden disfrutar de viajes ilimitados de 30 minutos o menos sin pagar cuotas por encima del l\u00edmite. &nbsp; Nivel Contribuci\u00f3n de la empresa Contribuci\u00f3n del empleado\/miembro 1a\u00a0velocidad $60 por usuario; 100+ pases $0<a href=\"https:\/\/tugobikeshare.com\/es\/programa-de-pase-corporativo-y-comunitario\/\" class=\"readmore\" >Read more<\/a><\/p>\n","protected":false},"author":1,"featured_media":0,"parent":0,"menu_order":0,"comment_status":"closed","ping_status":"closed","template":"","meta":{"_acf_changed":false,"footnotes":""},"class_list":["post-1082","page","type-page","status-publish","hentry"],"acf":[],"_links":{"self":[{"href":"https:\/\/tugobikeshare.com\/es\/wp-json\/wp\/v2\/pages\/1082","targetHints":{"allow":["GET"]}}],"collection":[{"href":"https:\/\/tugobikeshare.com\/es\/wp-json\/wp\/v2\/pages"}],"about":[{"href":"https:\/\/tugobikeshare.com\/es\/wp-json\/wp\/v2\/types\/page"}],"author":[{"embeddable":true,"href":"https:\/\/tugobikeshare.com\/es\/wp-json\/wp\/v2\/users\/1"}],"replies":[{"embeddable":true,"href":"https:\/\/tugobikeshare.com\/es\/wp-json\/wp\/v2\/comments?post=1082"}],"version-history":[{"count":3,"href":"https:\/\/tugobikeshare.com\/es\/wp-json\/wp\/v2\/pages\/1082\/revisions"}],"predecessor-version":[{"id":1633,"href":"https:\/\/tugobikeshare.com\/es\/wp-json\/wp\/v2\/pages\/1082\/revisions\/1633"}],"wp:attachment":[{"href":"https:\/\/tugobikeshare.com\/es\/wp-json\/wp\/v2\/media?parent=1082"}],"curies":[{"name":"wp","href":"https:\/\/api.w.org\/{rel}","templated":true}]}}