{"id":1081,"date":"2017-05-18T14:29:27","date_gmt":"2017-05-18T14:29:27","guid":{"rendered":"https:\/\/tugobikeshare.com\/privacy-policy\/"},"modified":"2017-12-20T16:47:59","modified_gmt":"2017-12-20T16:47:59","slug":"politica-de-privacidad","status":"publish","type":"page","link":"https:\/\/tugobikeshare.com\/es\/politica-de-privacidad\/","title":{"rendered":"POL\u00cdTICA DE PRIVACIDAD"},"content":{"rendered":"<p>POL\u00cdTICA DE PRIVACIDAD<br \/>\nFecha de vigencia: 1\u00ba de noviembre de 2017<\/p>\n<p>&nbsp;<\/p>\n<p>Tugo, Tucson Bike Share (Tugo) est\u00e1 comprometido en conservar su privacidad y confianza. Por lo tanto, mantenemos la siguiente pol\u00edtica de privacidad para ayudarle a comprender como recopilamos, usamos, compartimos y protegemos la informaci\u00f3n personal que nos proporciona a trav\u00e9s del www.TugoTucson.org (el \u201cSitio\u201d) y en nuestros quioscos de bicicletas compartidas, estaciones de estacionamiento, centro de servicio al cliente y nuestra aplicaci\u00f3n m\u00f3vil autorizada (denominados de forma colectiva, los \u201cServicios\u201d).<\/p>\n<p>&nbsp;<\/p>\n<p><strong>Informaci\u00f3n que puede recopilar Tugo<\/strong><\/p>\n<p>Tugo puede recopilar adem\u00e1s informaci\u00f3n que lo identifica personalmente como patrones de tr\u00e1fico y estad\u00edsticas de uso. Esto incluye, m\u00e1s no se limita a: duraci\u00f3n de viajes, hora de inicio, hora final, estaciones usadas, n\u00fameros de identificaci\u00f3n de bicicleta y tipo de usuario. Vea a continuaci\u00f3n para ver los datos de computadora y no personales para ver otros tipos de informaci\u00f3n que no lo identifican personalmente.<\/p>\n<p>&nbsp;<\/p>\n<p><strong>C\u00f3mo puede usar Tugo la informaci\u00f3n recopilada<\/strong><\/p>\n<p>Tugo puede usar la informaci\u00f3n recopilada a trav\u00e9s del Sitio o los Servicios para los siguientes prop\u00f3sitos, a manera enunciativa m\u00e1s no limitativa: procesado de pedidos, respuestas a mensajes de servicio al cliente; promoci\u00f3n, operaci\u00f3n y soporte a Tugo, incluyendo ponernos en contacto con usted para investigaci\u00f3n o promociones de mercado; para mejorar el Sitio o los Servicios; para analizar y monitorear su uso del Sitio o de los Servicios; y para informar a las autoridades y compa\u00f1\u00edas aseguradores en caso de un accidente.<\/p>\n<p>&nbsp;<\/p>\n<p><strong>C\u00f3mo comparte Tugo su informaci\u00f3n<\/strong><\/p>\n<p>El Sitio contiene enlaces a otros sitios. Tenga presente que Tugo no es responsable por el contenido o las pol\u00edticas de privacidad de dichos sitios. Invitamos a nuestros usuarios a que tengan presente que cuando salen de nuestro sitio, que lean las pol\u00edticas de privacidad de otros sitios que recopilan informaci\u00f3n que los identifican personalmente.<\/p>\n<p>&nbsp;<\/p>\n<p><strong>Revisi\u00f3n y cambio de su informaci\u00f3n<\/strong><\/p>\n<p>Usted es responsable de mantener la fiabilidad de su informaci\u00f3n. Para cambiar su informaci\u00f3n, ingrese a su cuenta o p\u00f3ngase en contacto con nosotros:<\/p>\n<p>Tel\u00e9fono: 1-877-onetugo<\/p>\n<p>Correo electr\u00f3nico: customerservice@Tugobikeshare.com<\/p>\n<p>&nbsp;<\/p>\n<p><strong>Procedimientos de exclusi\u00f3n<\/strong><\/p>\n<p>Si usted desea no participar en los comunicados por correo electr\u00f3nico de promoci\u00f3n o marketing, lo puede hacer comunic\u00e1ndose con Tugo a customerservice@Tugobikeshare.com o siguiendo las instrucciones que se incluyen en los correos electr\u00f3nicos de promoci\u00f3n o marketing. Sin embargo, no puede optar por no recibir correos electr\u00f3nicos relacionados con su cuenta o con el uso de nuestros Servicios mientras su cuenta est\u00e1 activa. Si ya no desea usar los Servicios o recibir alg\u00fan tipo de contacto directo por parte de Tugo, cont\u00e1ctenos a trav\u00e9s de: customerservice@Tugobikeshare.com<\/p>\n<p>&nbsp;<\/p>\n<p><strong>Datos de computadora y no personales<\/strong><\/p>\n<p>Tugo utiliza cookies en el Sitio. Una cookie es una pieza de datos almacenada en el disco duro del visitante del sitio, esto nos ayuda a mejorar su acceso al Sitio y a identificar a visitantes reincidentes al Sitio. Por ejemplo, podemos usar una cookie para identificarlo a usted, para determinar los patrones de tr\u00e1fico del usuario, o para mejorar la experiencia del visitante en el Sitio. Usted puede elegir desactivar las Cookies o negarse a aceptar una cookie, pero podr\u00eda no tener acceso a todas las \u00e1reas o funciones del Sitio cuando su navegador no acepta las cookies.<\/p>\n<p>&nbsp;<\/p>\n<p><strong>Actualizaciones y cambios a la Pol\u00edtica de Privacidad<\/strong><\/p>\n<p>Tugo se reserva el derecho de enmendar, modificar o cambiar esta Pol\u00edtica de Privacidad en cualquier momento sin su consentimiento. Revise con frecuencia esta Pol\u00edtica de Privacidad para estar consciente de cualquier enmienda, modificaci\u00f3n o cambios. Si decide visitar nuestro Sitio, usted est\u00e1 sujeto a esta Pol\u00edtica de Privacidad y a los T\u00e9rminos y Condiciones de Uso.<\/p>\n<p>&nbsp;<\/p>\n<p><strong>Seguridad<\/strong><\/p>\n<p>Hemos instalado un software de cifrado que cumple con el protocolo de Secure Socket Layers (SSL) para salvaguardar la informaci\u00f3n que nos env\u00eda. Tenga presente que ning\u00fan m\u00e9todo de transmisi\u00f3n por Internet o almacenamiento electr\u00f3nico es 100% seguro. Nosotros no podemos garantizar la seguridad de la informaci\u00f3n que nos trasmite a trav\u00e9s de nuestro Sitio y Servicios. Tugo no ser\u00e1 responsable por cualquier incumplimiento de confidencialidad debido a una falla del sistema o al acceso no autorizado por terceros.<\/p>\n<p>&nbsp;<\/p>\n<p><strong>Autorizaci\u00f3n<\/strong><\/p>\n<p>Cuando usted usa nuestro Sitio y Servicio acepta los t\u00e9rminos de esta Pol\u00edtica de Privacidad. Cuando usted contin\u00faa usando el Sitio y los Servicios otorga su consentimiento a cualquier cambio de esta Pol\u00edtica de Privacidad. Por favor no utilice este Sito o los Servicios si no est\u00e1 de acuerdo con esta pol\u00edtica.<\/p>\n<p>&nbsp;<\/p>\n<p><strong>Cont\u00e1ctenos<\/strong><\/p>\n<p>Si necesita informaci\u00f3n adicional o si tiene preguntas o inquietudes relacionadas con esta Pol\u00edtica de Privacidad cont\u00e1ctenos escribiendo a: <a href=\"mailto:customerservice@tugobikeshare.com\">customerservice@tugobikeshare.com <\/a><\/p>\n","protected":false},"excerpt":{"rendered":"<p>POL\u00cdTICA DE PRIVACIDAD Fecha de vigencia: 1\u00ba de noviembre de 2017 &nbsp; Tugo, Tucson Bike Share (Tugo) est\u00e1 comprometido en conservar su privacidad y confianza. Por lo tanto, mantenemos la siguiente pol\u00edtica de privacidad para ayudarle a comprender como recopilamos, usamos, compartimos y protegemos la informaci\u00f3n personal que nos proporciona a trav\u00e9s del www.TugoTucson.org (el \u201cSitio\u201d) y en nuestros quioscos de bicicletas compartidas, estaciones de estacionamiento, centro de servicio al<a href=\"https:\/\/tugobikeshare.com\/es\/politica-de-privacidad\/\" class=\"readmore\" >Read more<\/a><\/p>\n","protected":false},"author":1,"featured_media":0,"parent":0,"menu_order":0,"comment_status":"closed","ping_status":"closed","template":"","meta":{"_acf_changed":false,"footnotes":""},"class_list":["post-1081","page","type-page","status-publish","hentry"],"acf":[],"_links":{"self":[{"href":"https:\/\/tugobikeshare.com\/es\/wp-json\/wp\/v2\/pages\/1081","targetHints":{"allow":["GET"]}}],"collection":[{"href":"https:\/\/tugobikeshare.com\/es\/wp-json\/wp\/v2\/pages"}],"about":[{"href":"https:\/\/tugobikeshare.com\/es\/wp-json\/wp\/v2\/types\/page"}],"author":[{"embeddable":true,"href":"https:\/\/tugobikeshare.com\/es\/wp-json\/wp\/v2\/users\/1"}],"replies":[{"embeddable":true,"href":"https:\/\/tugobikeshare.com\/es\/wp-json\/wp\/v2\/comments?post=1081"}],"version-history":[{"count":3,"href":"https:\/\/tugobikeshare.com\/es\/wp-json\/wp\/v2\/pages\/1081\/revisions"}],"predecessor-version":[{"id":1498,"href":"https:\/\/tugobikeshare.com\/es\/wp-json\/wp\/v2\/pages\/1081\/revisions\/1498"}],"wp:attachment":[{"href":"https:\/\/tugobikeshare.com\/es\/wp-json\/wp\/v2\/media?parent=1081"}],"curies":[{"name":"wp","href":"https:\/\/api.w.org\/{rel}","templated":true}]}}