{"id":1070,"date":"2017-03-16T12:39:17","date_gmt":"2017-03-16T12:39:17","guid":{"rendered":"https:\/\/tugobikeshare.com\/day-passes\/"},"modified":"2017-12-20T16:36:57","modified_gmt":"2017-12-20T16:36:57","slug":"pase-diario","status":"publish","type":"page","link":"https:\/\/tugobikeshare.com\/es\/pase-diario\/","title":{"rendered":"PASE DIARIO"},"content":{"rendered":"<p>\tPASE DIARIO<\/p>\n<p>Los pases para corto plazo son ideales para visitantes y ciclistas espor\u00e1dicos.<\/p>\n<p>Tugo es una forma agradable y rentable para desplazarse por la ciudad. \u00daselo para ir al trabajo, para reunirse con amigos o para pasear y ver la ciudad.<\/p>\n<p>&nbsp;<\/p>\n<p>Existe una opci\u00f3n para un pase a corto plazo: Pase diario (acceso por 24 horas) <strong>$8<\/strong><\/p>\n<p>&nbsp;<\/p>\n<p>Los pases incluyen un n\u00famero ilimitado de viajes de 30 minutos. Vea las cuotas de uso para viajes de mayor duraci\u00f3n.<\/p>\n<p>\t\t\t<a href=\"https:\/\/tugobikeshare.com\/es\/precios\" target=\"_self\" role=\"button\"><br \/>\n\t\t\t\t\t\t\tVER TODOS LOS PLANES<br \/>\n\t\t\t\t\t<\/a><br \/>\n\t\t\t\t<img loading=\"lazy\" decoding=\"async\" src=\"https:\/\/tugobikeshare.com\/wp-content\/uploads\/2017\/03\/m-tugo_1.jpg\" alt=\"m-tugo_1\" itemprop=\"image\" height=\"358\" width=\"500\"  \/><br \/>\n\t\t\t\t<img loading=\"lazy\" decoding=\"async\" src=\"https:\/\/tugobikeshare.com\/wp-content\/uploads\/2017\/03\/m-tugo_5.jpg\" alt=\"m-tugo_5\" itemprop=\"image\" height=\"358\" width=\"500\"  \/><br \/>\n\tC\u00d3MO COMPRAR UN PASE<\/p>\n<p>Puede comprar un pase diario de dos formas:<\/p>\n<p>&nbsp;<\/p>\n<p> Comprar un pase en un quiosco de la estaci\u00f3n, seguir las instrucciones paso a paso, desbloquear una bicicleta y devolver la bicicleta.<\/p>\n<p>&nbsp;<\/p>\n<p>Usar la Cyclefinder App para comprar pases diarios y obtener c\u00f3digos para desbloquear bicicletas desde su tel\u00e9fono. Ver la secci\u00f3n \u201cObtenga la aplicaci\u00f3n\u201d para mayor informaci\u00f3n.<\/p>\n<p>\t\t\t<a href=\"https:\/\/tugobikeshare.com\/es\/mapa-del-sitio\/\" target=\"_self\" role=\"button\"><br \/>\n\t\t\t\t\t\t\tENCONTRAR UNA ESTACION<br \/>\n\t\t\t\t\t<\/a><br \/>\n\tTARIFAS DE USO<\/p>\n<p>Los primeros 30 minutos de cada viaje se incluyen en el precio base del pase. Se aplican cargos adicionales de uso despu\u00e9s de 30 minutos.<\/p>\n<p>&nbsp;<\/p>\n<p> TARIFA DE LONGITUD DE VIAJE<\/p>\n<p>&nbsp;<\/p>\n<p>Se incluyen de 0 a 30 minutos en el precio del pase<\/p>\n<p>30 minutos $<strong>4<\/strong> cada 30 minutos.<\/p>\n<p>&nbsp;<\/p>\n<p>\u00a1Tome todos los paseos de 30 minutos que quiera mientras su pase est\u00e1 activo!<\/p>\n<p> Cuando compra un pase, se cobra una preautorizaci\u00f3n de dep\u00f3sito de seguridad de $10 a la cuenta de su tarjeta en caso de que incurran tarifas por uso adicional. La tarifa de una bicicleta extraviada o robada es de $1200.<\/p>\n<p>\t\t\t\t<img loading=\"lazy\" decoding=\"async\" src=\"https:\/\/tugobikeshare.com\/wp-content\/uploads\/2017\/03\/m-tugo_3.jpg\" alt=\"m-tugo_3\" itemprop=\"image\" height=\"358\" width=\"500\"  \/><\/p>\n","protected":false},"excerpt":{"rendered":"<p>PASE DIARIO Los pases para corto plazo son ideales para visitantes y ciclistas espor\u00e1dicos. Tugo es una forma agradable y rentable para desplazarse por la ciudad. \u00daselo para ir al trabajo, para reunirse con amigos o para pasear y ver la ciudad. &nbsp; Existe una opci\u00f3n para un pase a corto plazo: Pase diario (acceso por 24 horas) $8 &nbsp; Los pases incluyen un n\u00famero ilimitado de viajes de 30<a href=\"https:\/\/tugobikeshare.com\/es\/pase-diario\/\" class=\"readmore\" >Read more<\/a><\/p>\n","protected":false},"author":1,"featured_media":0,"parent":0,"menu_order":0,"comment_status":"closed","ping_status":"closed","template":"","meta":{"_acf_changed":false,"footnotes":""},"class_list":["post-1070","page","type-page","status-publish","hentry"],"acf":[],"_links":{"self":[{"href":"https:\/\/tugobikeshare.com\/es\/wp-json\/wp\/v2\/pages\/1070","targetHints":{"allow":["GET"]}}],"collection":[{"href":"https:\/\/tugobikeshare.com\/es\/wp-json\/wp\/v2\/pages"}],"about":[{"href":"https:\/\/tugobikeshare.com\/es\/wp-json\/wp\/v2\/types\/page"}],"author":[{"embeddable":true,"href":"https:\/\/tugobikeshare.com\/es\/wp-json\/wp\/v2\/users\/1"}],"replies":[{"embeddable":true,"href":"https:\/\/tugobikeshare.com\/es\/wp-json\/wp\/v2\/comments?post=1070"}],"version-history":[{"count":9,"href":"https:\/\/tugobikeshare.com\/es\/wp-json\/wp\/v2\/pages\/1070\/revisions"}],"predecessor-version":[{"id":1632,"href":"https:\/\/tugobikeshare.com\/es\/wp-json\/wp\/v2\/pages\/1070\/revisions\/1632"}],"wp:attachment":[{"href":"https:\/\/tugobikeshare.com\/es\/wp-json\/wp\/v2\/media?parent=1070"}],"curies":[{"name":"wp","href":"https:\/\/api.w.org\/{rel}","templated":true}]}}