{"id":1066,"date":"2017-10-24T14:02:42","date_gmt":"2017-10-24T14:02:42","guid":{"rendered":"https:\/\/tugobikeshare.com\/?page_id=1066"},"modified":"2017-12-21T18:32:44","modified_gmt":"2017-12-21T18:32:44","slug":"precios","status":"publish","type":"page","link":"https:\/\/tugobikeshare.com\/es\/precios\/","title":{"rendered":"Precios"},"content":{"rendered":"    <div class=\"col-xs-12 col-sm-12 col-md-12 col-lg-12 bgthubpad alignCenter\">\n      <h1>Precios<\/h1>\n      <div><p>Opciones de pases para todos<\/p>\n<\/div>\n    <\/div>\n\n<p>Tugo es para todos, es por eso que ofrecemos varias opciones de pases y precios para satisfacer una gran variedad de necesidades. El Pase Diario est\u00e1 disponible para visitantes, turistas y otros usuarios de corto plazo y se puede comprar en cualquiera de nuestras 36 estaciones o a trav\u00e9s de la aplicaci\u00f3n Cyclefinder App en su tel\u00e9fono inteligente. <\/p>\n<p>&nbsp;<\/p>\n<p>Se cuenta con Pases Mensuales y Anuales para personas que residen en Tucson y para visitantes a largo plazo y estos se deben de comprar en el sitio Web de Tugo. El Pase de Acceso es una opci\u00f3n asequible para individuos que reciben beneficios estatales, y el Pase de Fundadores proporciona un bot\u00edn de edici\u00f3n limitada para nuestros primeros colaboradores.<\/p>\n<p>\t$8-Pase Diario<br \/>\n\tIdeal para visitantes, turistas y usuarios a corto plazo.<\/p>\n<p>El Pase Diario proporciona un n\u00famero ilimitado de viajes de 30 minutos por 24 horas. Para viajes m\u00e1s largos de 30 minutos, los usuarios pagan $4 por cada periodo adicional de 30 minutos.<\/p>\n<p>\t\t\t<a href=\"https:\/\/tugobikeshare.com\/es\/pase-diario\/\" target=\"_self\" role=\"button\"><br \/>\n\t\t\t\t\t\t\tObtener m\u00e1s informaci\u00f3n<br \/>\n\t\t\t\t\t<\/a><br \/>\n\t\t\t\t<img loading=\"lazy\" decoding=\"async\" src=\"https:\/\/tugobikeshare.com\/wp-content\/uploads\/2017\/03\/medium-2.jpg\" alt=\"medium-2\" itemprop=\"image\" height=\"358\" width=\"500\"  \/><br \/>\n\t$18-Pase Mensual<br \/>\n\tDise\u00f1ado con la flexibilidad de mes a mes y para visitas m\u00e1s largas<\/p>\n<p>El Pase Mensual proporciona un n\u00famero ilimitado de viajes de 30 minutos por 30 d\u00edas. Para viajes m\u00e1s largos de 30 minutos, los usuarios pagan $2 por cada periodo adicional de 30 minutos. <\/p>\n<p>&nbsp;<\/p>\n<p>Se cuenta con la <a href=\"https:\/\/tugobikeshare.com\/es\/pagar-con-efectivo\/\">opci\u00f3n de pagos en efectivo<\/a><\/p>\n<p>\t\t\t<a href=\"https:\/\/tugobikeshare.com\/members\/register\" target=\"_self\" role=\"button\"><br \/>\n\t\t\t\t\t\t\tOBTENER UN PASE<br \/>\n\t\t\t\t\t<\/a><br \/>\n\t\t\t\t<img loading=\"lazy\" decoding=\"async\" src=\"https:\/\/tugobikeshare.com\/wp-content\/uploads\/2017\/03\/m-tugo_2.jpg\" alt=\"m-tugo_2\" itemprop=\"image\" height=\"358\" width=\"500\"  \/><br \/>\n\t$80-Pase Anual<br \/>\n\tLa mejor opci\u00f3n para los que viven en Tucson<\/p>\n<p>El Pase Anual proporciona un n\u00famero ilimitado de viajes de 30 minutos por un a\u00f1o. Para viajes m\u00e1s largos de 30 minutos, los usuarios pagan $2 por cada periodo adicional de 30 minutos. Se cuenta con la <a href=\"https:\/\/tugobikeshare.com\/es\/pagar-con-efectivo\/\">opci\u00f3n de pagos en efectivo<\/a>. <\/p>\n<p>&nbsp;<\/p>\n<p>Si usted tiene 65 a\u00f1os de edad o m\u00e1s, contamos con una opci\u00f3n para usted. <\/p>\n<p>Haga clic <a href=\"https:\/\/tugobikeshare.com\/es\/descuento-tugo-para-la-tercera-edad\/\">aqu\u00ed<\/a> para mayor informaci\u00f3n.<\/p>\n<p>\t\t\t<a href=\"https:\/\/tugobikeshare.com\/members\/register\" target=\"_self\" role=\"button\"><br \/>\n\t\t\t\t\t\t\tObtener m\u00e1s informaci\u00f3n<br \/>\n\t\t\t\t\t<\/a><br \/>\n\t\t\t\t<img loading=\"lazy\" decoding=\"async\" src=\"https:\/\/tugobikeshare.com\/wp-content\/uploads\/2017\/03\/m-tugo_3.jpg\" alt=\"m-tugo_3\" itemprop=\"image\" height=\"358\" width=\"500\"  \/><br \/>\n\t$5-Pase de Acceso<br \/>\n\tPara personas que califiquen<\/p>\n<p>El Pase de Acceso es un Pase Anual de $5 para miembros inscritos de los siguientes programas estatales de beneficios: Asistencia alimenticia, asistencia en efectivo\/independencia familiar, Medicaid, Plan de Salud Tucson Children&#8217;s Special health Care Services y Child Care Assistance.<\/p>\n<p>&nbsp;<\/p>\n<p>El Pase de Acceso proporciona un n\u00famero ilimitado de viajes de 30 minutos por un a\u00f1o. Para viajes que se prolongan por m\u00e1s de 30 minutos, los usuarios pagan $2 por cada periodo adicional de 30 minutos. Para inscribirse para el Pase de Acceso, introducir los 9 d\u00edgitos del n\u00famero de caso de beneficios emitidos por el estado en la p\u00e1gina de registro del usuario.<\/p>\n<p>&nbsp;<\/p>\n<p>Se cuenta con la <a href=\"https:\/\/tugobikeshare.com\/es\/pagar-con-efectivo\/\">opci\u00f3n de pagos en efectivo<\/a><\/p>\n<p>\t\t\t<a href=\"https:\/\/tugobikeshare.com\/members\/register\" target=\"_self\" role=\"button\"><br \/>\n\t\t\t\t\t\t\tObtener m\u00e1s informaci\u00f3n<br \/>\n\t\t\t\t\t<\/a><br \/>\n\t\t\t\t<img loading=\"lazy\" decoding=\"async\" src=\"https:\/\/tugobikeshare.com\/wp-content\/uploads\/2017\/03\/m-tugo_4.jpg\" alt=\"m-tugo_4\" itemprop=\"image\" height=\"358\" width=\"500\"  \/><\/p>\n<h1 style=\"text-align: center;\">\u00bfLE ENCANT\u00d3 TUGO? \u00a1CONVI\u00c9RTASE EN FUNDADOR!<\/h1>\n<p>\t$100-Pase Fundadores<br \/>\n\tOferta de tiempo limitado para nuestros primeros colaboradores<\/p>\n<p>El Pase Fundadores incluye un Pase Anual, junto con un Pase Fundadores Tugo de edici\u00f3n limitada, una camiseta Tugo Founders, cuatro Pases Diarios para dar a su familia y amigos, y la oportunidad de participar en nuestro evento de lanzamiento (limitado a los primeros 50 Fundadores).<\/p>\n<p>\t\t\t<a href=\"https:\/\/tugobikeshare.com\/members\/register\" target=\"_self\" role=\"button\"><br \/>\n\t\t\t\t\t\t\tObtener m\u00e1s informaci\u00f3n<br \/>\n\t\t\t\t\t<\/a><br \/>\n\t\t\t\t<img loading=\"lazy\" decoding=\"async\" src=\"https:\/\/tugobikeshare.com\/wp-content\/uploads\/2017\/03\/medium-3.jpg\" alt=\"medium-3\" itemprop=\"image\" height=\"358\" width=\"500\"  \/><\/p>\n<h1 style=\"text-align: center;\">Programa de pase corporativo y comunitario<\/h1>\n<p style=\"text-align: center;\">El Programa de Pase corporativa y comunitarios permite a las empresas, negocios y organizaciones comunitarias de cualquier tama\u00f1o comprar los Pases Anuales para sus empleados o miembros a una tarifa reducida<\/p>\n<p>\t\t\t<a href=\"https:\/\/tugobikeshare.com\/es\/programa-de-pase-corporativo-y-comunitario\/\" target=\"_self\" role=\"button\"><br \/>\n\t\t\t\t\t\t\tObtener m\u00e1s informaci\u00f3n<br \/>\n\t\t\t\t\t<\/a><\/p>\n","protected":false},"excerpt":{"rendered":"<p>Opciones de pases para todos<\/p>\n","protected":false},"author":1,"featured_media":0,"parent":0,"menu_order":0,"comment_status":"closed","ping_status":"closed","template":"","meta":{"_acf_changed":false,"footnotes":""},"class_list":["post-1066","page","type-page","status-publish","hentry"],"acf":[],"_links":{"self":[{"href":"https:\/\/tugobikeshare.com\/es\/wp-json\/wp\/v2\/pages\/1066","targetHints":{"allow":["GET"]}}],"collection":[{"href":"https:\/\/tugobikeshare.com\/es\/wp-json\/wp\/v2\/pages"}],"about":[{"href":"https:\/\/tugobikeshare.com\/es\/wp-json\/wp\/v2\/types\/page"}],"author":[{"embeddable":true,"href":"https:\/\/tugobikeshare.com\/es\/wp-json\/wp\/v2\/users\/1"}],"replies":[{"embeddable":true,"href":"https:\/\/tugobikeshare.com\/es\/wp-json\/wp\/v2\/comments?post=1066"}],"version-history":[{"count":19,"href":"https:\/\/tugobikeshare.com\/es\/wp-json\/wp\/v2\/pages\/1066\/revisions"}],"predecessor-version":[{"id":1654,"href":"https:\/\/tugobikeshare.com\/es\/wp-json\/wp\/v2\/pages\/1066\/revisions\/1654"}],"wp:attachment":[{"href":"https:\/\/tugobikeshare.com\/es\/wp-json\/wp\/v2\/media?parent=1066"}],"curies":[{"name":"wp","href":"https:\/\/api.w.org\/{rel}","templated":true}]}}