{"id":1053,"date":"2017-10-24T01:45:31","date_gmt":"2017-10-24T01:45:31","guid":{"rendered":"https:\/\/tugobikeshare.com\/consejos-de-seguridad-de-tugo\/"},"modified":"2017-12-20T17:12:21","modified_gmt":"2017-12-20T17:12:21","slug":"consejos-de-seguridad-de-tugo","status":"publish","type":"page","link":"https:\/\/tugobikeshare.com\/es\/consejos-de-seguridad-de-tugo\/","title":{"rendered":"CONSEJOS DE SEGURIDAD DE TUGO"},"content":{"rendered":"    <div class=\"col-xs-12 col-sm-12 col-md-12 col-lg-12 bgthubpad alignCenter\">\n      <h1>CONSEJOS DE SEGURIDAD DE TUGO<\/h1>\n      <div><\/div>\n    <\/div>\n\n<p style=\"text-align: center;\">Es importante practicar el ciclismo de forma segura y defensiva mientras se desplaza con Tugo a lo largo de las calles de Tucson Si alguna vez se ve involucrado en un accidente o tiene un problema con su bicicleta durante un viaje, llame al servicio al cliente de Tugo llamando al 1877-ONETUGO (663-8846). Para asegurar un viaje agradable y seguro, tome las siguientes precauciones:<\/p>\n<h1>USE UN CASCO<\/h1>\n<p>Tugo no proporciona cascos, pero invitamos encarecidamente a todos los usuarios a usar uno.<\/p>\n<h1>REVISE SU BICICLETA ANTES DE USARLA<\/h1>\n<p>Antes de subirse a una bicicleta, realice la siguiente Revisi\u00f3n R\u00e1pida ABC. A se refiere a aire, B para frenos (en ingl\u00e9s brakes) y C para la cadena. Las llantas deben estar firmes, esto quiere decir que no debe poder pellizcar la llanta con sus dedos, tampoco la llanta debe comprimirse cuando se siente en el asiento. No debe de poder mover la bicicleta hacia adelante o hacia atr\u00e1s con ambos frenos activados. Finalmente, revisar la cadena para asegurarse de que est\u00e9 tensa, sin \u00f3xido y libre de residuos. Si nota un problema, presione el bot\u00f3n \u201cWrench\u201d sobre el manubrio y elija otra bicicleta.<\/p>\n<h1>USAR LOS CARRILES PARA BICICLETAS CUANDO SEA POSIBLE<\/h1>\n<p>La ciudad de Tucson cuenta con aproximadamente 200 millas de infraestructura para uso de bicicletas. Invitamos a todos los usuarios de Tugo a que se apeguen a estas rutas lo m\u00e1s que puedan. Si no est\u00e1 seguro d\u00f3nde se encuentra esta infraestructura, consulte este mapa (descargar y hacer un acercamiento para ver los caminos espec\u00edficos) creados por Tucson Greenway Coalition..<\/p>\n<h1>MANTENGASE EN EL LADO DERECHO<\/h1>\n<p>Desplazarse siempre en el lado derecho del flujo del tr\u00e1fico y no en contra.<\/p>\n<h1>OBEDECER LAS SE\u00d1ALES DE TR\u00c1FICO, INTERSECCIONES, CRUCES PEATONALES Y CEDA EL PASO A LOS PEATONES<\/h1>\n<p>El ciclismo defensivo es la mejor forma de mantenerse seguro mientras usa una bicicleta. Esto quiere decir que el ciclista siempre obedece las se\u00f1ales de tr\u00e1fico, se para en las intersecciones, usar los cruces peatonales (cuando est\u00e1n disponibles) y cede el paso a los peatones.<\/p>\n<h1>SI TENGA CUIDADO CON LAS V\u00cdAS <\/h1>\n<p>Evite la avenida Woodward entre Bethune (extremo norte) y Congress (el centro) lo m\u00e1s que pueda. Utilizar las calles paralelas como Cass, Second o Third sobre el lado oeste o la calle John R. y Brush en el lado este. Si tiene que cruzar las v\u00edas del ferrocarril, no las cruce en un cruce de peatones ni a un \u00e1ngulo de 90 grados con la l\u00ednea de las v\u00edas del ferrocarril.<\/p>\n<h1>SI SE LE OLVIDA ALGO CONSULTE SU MANUBRIO <\/h1>\n<p>\u00bfSe le olvid\u00f3 lo que tiene que hacer en cierta situaci\u00f3n? Revise el v\u00e1stago entre su manubrio para ver sugerencias r\u00e1pidas sobre c\u00f3mo mantenerse seguro en su bicicleta.<\/p>\n<h1>NO USAR TEL\u00c9FONOS<\/h1>\n<p>Incluso si cuenta con un dispositivo Bluetooth o aud\u00edfonos, por favor no llame, env\u00ede textos o use su tel\u00e9fono mientras usa su bicicleta. Estudie su ruta de antemano o det\u00e9ngase mientras usa el GPS.<\/p>\n<h1>PASEOS EN GRUPO<\/h1>\n<p>Cuando participa en un paseo en grupo, mant\u00e9ngase en una sola fila o dos de ciclistas y siempre est\u00e9 al tanto. Adem\u00e1s, aseg\u00farese de usar se\u00f1ales con la mano cuando sea posible.<\/p>\n","protected":false},"excerpt":{"rendered":"<p>Es importante practicar el ciclismo de forma segura y defensiva mientras se desplaza con Tugo a lo largo de las calles de Tucson Si alguna vez se ve involucrado en un accidente o tiene un problema con su bicicleta durante un viaje, llame al servicio al cliente de Tugo llamando al 1877-ONETUGO (663-8846). Para asegurar un viaje agradable y seguro, tome las siguientes precauciones: USE UN CASCO Tugo no proporciona<a href=\"https:\/\/tugobikeshare.com\/es\/consejos-de-seguridad-de-tugo\/\" class=\"readmore\" >Read more<\/a><\/p>\n","protected":false},"author":1,"featured_media":0,"parent":0,"menu_order":0,"comment_status":"closed","ping_status":"closed","template":"","meta":{"_acf_changed":false,"footnotes":""},"class_list":["post-1053","page","type-page","status-publish","hentry"],"acf":[],"_links":{"self":[{"href":"https:\/\/tugobikeshare.com\/es\/wp-json\/wp\/v2\/pages\/1053","targetHints":{"allow":["GET"]}}],"collection":[{"href":"https:\/\/tugobikeshare.com\/es\/wp-json\/wp\/v2\/pages"}],"about":[{"href":"https:\/\/tugobikeshare.com\/es\/wp-json\/wp\/v2\/types\/page"}],"author":[{"embeddable":true,"href":"https:\/\/tugobikeshare.com\/es\/wp-json\/wp\/v2\/users\/1"}],"replies":[{"embeddable":true,"href":"https:\/\/tugobikeshare.com\/es\/wp-json\/wp\/v2\/comments?post=1053"}],"version-history":[{"count":9,"href":"https:\/\/tugobikeshare.com\/es\/wp-json\/wp\/v2\/pages\/1053\/revisions"}],"predecessor-version":[{"id":1638,"href":"https:\/\/tugobikeshare.com\/es\/wp-json\/wp\/v2\/pages\/1053\/revisions\/1638"}],"wp:attachment":[{"href":"https:\/\/tugobikeshare.com\/es\/wp-json\/wp\/v2\/media?parent=1053"}],"curies":[{"name":"wp","href":"https:\/\/api.w.org\/{rel}","templated":true}]}}