{"id":1052,"date":"2017-03-21T13:05:02","date_gmt":"2017-03-21T13:05:02","guid":{"rendered":"https:\/\/tugobikeshare.com\/como-funciona\/"},"modified":"2017-12-21T18:28:22","modified_gmt":"2017-12-21T18:28:22","slug":"como-funciona","status":"publish","type":"page","link":"https:\/\/tugobikeshare.com\/es\/como-funciona\/","title":{"rendered":"C\u00d3MO FUNCIONA"},"content":{"rendered":"    <div class=\"col-xs-12 col-sm-12 col-md-12 col-lg-12 bgthubpad alignCenter\">\n      <h1>C\u00d3MO FUNCIONA<\/h1>\n      <div><p>Despl\u00e1zate por Tucson en dos ruedas<\/p>\n<\/div>\n    <\/div>\n\n<p style=\"text-align: center;\">Tugo es el primer sistema p\u00fablico de bicicletas compartidas en Tucson, cuenta con 330 bicicletas y 36 estaciones a lo largo de 13 vecindarios en Tucson. Est\u00e1 dise\u00f1ado para viajes r\u00e1pidos alrededor de la ciudad, Tugo es una forma c\u00f3moda, divertida y flexible de desplazarse por la ciudad.\n<\/p>\n<ul>\n<li><img loading=\"lazy\" decoding=\"async\" src=\"https:\/\/tugobikeshare.com\/wp-content\/uploads\/2017\/03\/get-a-bike-300x200.jpg\" alt=\"\" width=\"300\" height=\"200\" \/><\/li>\n<li>OBTENER UN PASE<\/li>\n<\/ul>\n<p>Compre un pase en l\u00ednea, con la Cyclefinder App o en cualquiera de nuestras 36 estaciones. Se cuenta con la opci\u00f3n de pago en efectivo y otras opciones flexibles de pago.<\/p>\n<ul>\n<li><img loading=\"lazy\" decoding=\"async\" src=\"https:\/\/tugobikeshare.com\/wp-content\/uploads\/2017\/03\/get-a-pass-300x200.jpg\" alt=\"\" width=\"300\" height=\"200\" \/><\/li>\n<li>ESCOGE UNA BICICLETA<\/li>\n<\/ul>\n<p>Recoja una bicicleta en cualquiera de nuestras 36 estaciones. Tome todos los paseos cortos que desee mientras su pase est\u00e1 activo. Los pases incluyen viajes de menos de 30 minutos ilimitados.<\/p>\n<ul>\n<li><img loading=\"lazy\" decoding=\"async\" src=\"https:\/\/tugobikeshare.com\/wp-content\/uploads\/2017\/03\/get-it-back-300x200.jpg\" alt=\"\" width=\"300\" height=\"200\" \/><\/li>\n<li>DEVOLVER LA BICICLETA<\/li>\n<\/ul>\n<p>Regrese la bicicleta a cualquier estaci\u00f3n. Deslizar la bicicleta con firmeza dentro de un estacionamiento para bicicletas vac\u00edo y esperar que la luz cambie a verde para asegurar que qued\u00f3 asegurada.<\/p>\n<p>\t\t\t\t<img loading=\"lazy\" decoding=\"async\" src=\"https:\/\/tugobikeshare.com\/wp-content\/uploads\/2017\/03\/IMG_9802.jpg\" alt=\"IMG_9802\" itemprop=\"image\" height=\"480\" width=\"720\"  \/><\/p>\n<h2>TUGO ES PARA TODOS<\/h2>\n<p>\u00bfEs usted un residente de la zona que desea una manera para viajar a diario que sea m\u00e1s flexible y c\u00f3moda? O bien, tal vez utilice el sistema de tr\u00e1nsito pero quiere mejores conexiones para el inicio o final de su viaje. \u00bfLe ha pasado que tiene que hacer unos mandados o bien asistir a una reuni\u00f3n pero ya se cans\u00f3 de andar buscando  d\u00f3nde estacionarse? O tal vez sea un estudiante que necesita desplazarse por la universidad de forma barata y eficiente. Tal vez se encuentre visitando la ciudad y desea una manera agradable de experimentar a\u00fan m\u00e1s de Tucson. . <\/p>\n<p>&nbsp;<\/p>\n<p>Tugo est\u00e1 dise\u00f1ado para dar servicio a una amplia gama de usuarios y viajes alrededor de la ciudad. Con 330 bicicletas y 36 estaciones, Tugo le ofrece la libertad y la flexibilidad para desplazarse a precios asequibles para todos. \u00a1Encuentre la opci\u00f3n de pase correcta para su siguiente viaje!<\/p>\n<p>\t\t\t<a href=\"https:\/\/tugobikeshare.com\/es\/precios\/\" target=\"_self\" role=\"button\"><br \/>\n\t\t\t\t\t\t\tPASES<br \/>\n\t\t\t\t\t<\/a><\/p>\n<h1 style=\"text-align: center;\">\u00bfPOR QU\u00c9 TUGO?<\/h1>\n<table width=\"589\">\n<tbody>\n<tr>\n<td style=\"text-align: center;\" width=\"589\"><strong><img loading=\"lazy\" decoding=\"async\" src=\"https:\/\/tugobikeshare.com\/wp-content\/uploads\/2017\/03\/save-money.png\" alt=\"\" width=\"80\" height=\"80\" \/><\/strong><\/p>\n<p><strong>AHORRE DINERO<\/strong><\/p>\n<p>&nbsp;<\/p>\n<p>Contamos con un amplio rango de opciones de pases para todo tipo de ciclistas y para todas las necesidades. Con Tugo, no hay que comprar boletos para estacionamiento ni cargos por seguro &#8211; \u00a1nosotros nos encargamos de eso!<\/td>\n<\/tr>\n<\/tbody>\n<\/table>\n<p style=\"text-align: center;\">\n<\/p>\n<table width=\"589\">\n<tbody>\n<tr>\n<td style=\"text-align: center;\" width=\"589\"><strong><img loading=\"lazy\" decoding=\"async\" src=\"https:\/\/tugobikeshare.com\/wp-content\/uploads\/2017\/03\/save-time.png\" alt=\"\" width=\"80\" height=\"80\" \/><\/strong><\/p>\n<p><strong>AHORRE TIEMPO<\/strong><\/p>\n<p>&nbsp;<\/p>\n<p>Cuando pasea en Tugo puede ir r\u00e1pida y f\u00e1cilmente a d\u00f3nde necesita ir. Con 36 estaciones en diferentes vecindarios es mucho m\u00e1s c\u00f3modo que usar su propia bicicleta.<\/p>\n<p>&nbsp;<\/p>\n<p>&nbsp;<\/td>\n<\/tr>\n<\/tbody>\n<\/table>\n<table width=\"589\">\n<tbody>\n<tr>\n<td style=\"text-align: center;\" width=\"589\"><strong><img loading=\"lazy\" decoding=\"async\" src=\"https:\/\/tugobikeshare.com\/wp-content\/uploads\/2017\/03\/have-fun.png\" alt=\"\" width=\"80\" height=\"80\" \/>\u00a0\u00a1A DIVERTIRSE!<\/strong><\/p>\n<p>&nbsp;<\/p>\n<p>Disfrute transportandose a donde tiene que ir en dos ruedas. Pasear en Tugo es un buen ejercicio, y puede ayduar a reducir el estr\u00e9s y mejorar su salud.<\/p>\n<p>&nbsp;<\/p>\n<p>&nbsp;<\/p>\n<p>&nbsp;<\/td>\n<\/tr>\n<\/tbody>\n<\/table>\n<table width=\"589\">\n<tbody>\n<tr>\n<td style=\"text-align: center;\" width=\"589\"><strong><img loading=\"lazy\" decoding=\"async\" src=\"https:\/\/tugobikeshare.com\/wp-content\/uploads\/2017\/03\/go-green.png\" alt=\"\" width=\"80\" height=\"80\" \/><\/strong><\/p>\n<p><strong>VU\u00c9LVASE M\u00c1S ECOL\u00d3GICO<\/strong><\/p>\n<p>&nbsp;<\/p>\n<table width=\"589\">\n<tbody>\n<tr>\n<td width=\"589\">Cuando pasea en Tugo se reducen las emisiones de carb\u00f3n y se evitan contaminantes en el aire, \u00a1esto hace de Tucson sea un lugar m\u00e1s saludables y mucho m\u00e1s feliz!<\/td>\n<\/tr>\n<\/tbody>\n<\/table>\n<\/td>\n<\/tr>\n<\/tbody>\n<\/table>\n<h1 style=\"text-align: center;\"><strong>\u00bfLISTO PARA EMPEZAR?<\/strong><\/h1>\n<p style=\"text-align: center;\">Con 36 estaciones y 330 bicicletas, Tugo es la forma m\u00e1s f\u00e1cil de desplazarse y explorar la ciudad.<\/p>\n<p>\t\t\t<a href=\"https:\/\/tugobikeshare.com\/es\/mapa-del-sitio\/\" target=\"_self\" role=\"button\"><br \/>\n\t\t\t\t\t\t\tEncontrar una estaci\u00f3n<br \/>\n\t\t\t\t\t<\/a><\/p>\n","protected":false},"excerpt":{"rendered":"<p>Despl\u00e1zate por Tucson en dos ruedas<\/p>\n","protected":false},"author":1,"featured_media":0,"parent":0,"menu_order":0,"comment_status":"closed","ping_status":"closed","template":"","meta":{"_acf_changed":false,"footnotes":""},"class_list":["post-1052","page","type-page","status-publish","hentry"],"acf":[],"_links":{"self":[{"href":"https:\/\/tugobikeshare.com\/es\/wp-json\/wp\/v2\/pages\/1052","targetHints":{"allow":["GET"]}}],"collection":[{"href":"https:\/\/tugobikeshare.com\/es\/wp-json\/wp\/v2\/pages"}],"about":[{"href":"https:\/\/tugobikeshare.com\/es\/wp-json\/wp\/v2\/types\/page"}],"author":[{"embeddable":true,"href":"https:\/\/tugobikeshare.com\/es\/wp-json\/wp\/v2\/users\/1"}],"replies":[{"embeddable":true,"href":"https:\/\/tugobikeshare.com\/es\/wp-json\/wp\/v2\/comments?post=1052"}],"version-history":[{"count":13,"href":"https:\/\/tugobikeshare.com\/es\/wp-json\/wp\/v2\/pages\/1052\/revisions"}],"predecessor-version":[{"id":1652,"href":"https:\/\/tugobikeshare.com\/es\/wp-json\/wp\/v2\/pages\/1052\/revisions\/1652"}],"wp:attachment":[{"href":"https:\/\/tugobikeshare.com\/es\/wp-json\/wp\/v2\/media?parent=1052"}],"curies":[{"name":"wp","href":"https:\/\/api.w.org\/{rel}","templated":true}]}}