{"id":1049,"date":"2017-03-29T16:38:13","date_gmt":"2017-03-29T16:38:13","guid":{"rendered":"https:\/\/tugobikeshare.com\/ayuda\/"},"modified":"2017-12-20T17:00:40","modified_gmt":"2017-12-20T17:00:40","slug":"ayuda","status":"publish","type":"page","link":"https:\/\/tugobikeshare.com\/es\/ayuda\/","title":{"rendered":"\u00bfC\u00d3MO LE PODEMOS<span> AYUDAR?<\/span>"},"content":{"rendered":"    <div class=\"col-xs-12 col-sm-12 col-md-12 col-lg-12 bgthubpad alignCenter\">\n      <h1>\u00bfC\u00d3MO LE PODEMOS<span> AYUDAR?<\/span><\/h1>\n      <div><\/div>\n    <\/div>\n\n<h2>\u00bfC\u00d3MO LE PODEMOS AYUDAR?<\/h2>\n<p>\u00bfTiene preguntas sobre c\u00f3mo funciona Tugo? \u00bfQuiere aprender m\u00e1s sobre los pases, el precio y los viajes gratuitos de 30 minutos? Contacte a nuestro equipo de servicio al cliente las 24 horas del d\u00eda, los 7 d\u00edas a la semana.<\/p>\n<p>&nbsp;<\/p>\n<p>Tel\u00e9fono:\u00a01877-ONETUGO (663-8846)<\/p>\n<p>Correo electr\u00f3nico:\u00a0<a href=\"mailto:customerservice@tugobikeshare.com\">customerservice@tugobikeshare.com<\/a><\/p>\n<p>&nbsp;<\/p>\n<p>Si ya cuenta con un pase, incluya la direcci\u00f3n de correo electr\u00f3nico a la cual est\u00e1 enlazada su cuenta o su n\u00famero de Pase para ayudarlo mejor.<\/p>\n<p><img loading=\"lazy\" decoding=\"async\" src=\"https:\/\/tugobikeshare.com\/wp-content\/uploads\/2017\/03\/tugo-is-for-everyone.jpg\" alt=\"tugo is for everyone\" width=\"582\" height=\"438\" \/><\/p>\n<h1>Preguntas frecuentes<\/h1>\n<p>\u00bfBusca m\u00e1s informaci\u00f3n sobre Tugo? Visite nuestra p\u00e1gina de preguntas frecuentes.<br \/>\n<a role=\"button\" href=\"https:\/\/tugobikeshare.com\/es\/preguntas-frecuentes\/\" target=\"_self\"><br \/>\nPreguntas frecuentes<br \/>\n<\/a><\/p>\n","protected":false},"excerpt":{"rendered":"<p>\u00bfC\u00d3MO LE PODEMOS AYUDAR? \u00bfTiene preguntas sobre c\u00f3mo funciona Tugo? \u00bfQuiere aprender m\u00e1s sobre los pases, el precio y los viajes gratuitos de 30 minutos? Contacte a nuestro equipo de servicio al cliente las 24 horas del d\u00eda, los 7 d\u00edas a la semana. &nbsp; Tel\u00e9fono:\u00a01877-ONETUGO (663-8846) Correo electr\u00f3nico:\u00a0customerservice@tugobikeshare.com &nbsp; Si ya cuenta con un pase, incluya la direcci\u00f3n de correo electr\u00f3nico a la cual est\u00e1 enlazada su cuenta o<a href=\"https:\/\/tugobikeshare.com\/es\/ayuda\/\" class=\"readmore\" >Read more<\/a><\/p>\n","protected":false},"author":1,"featured_media":0,"parent":0,"menu_order":0,"comment_status":"closed","ping_status":"closed","template":"","meta":{"_acf_changed":false,"footnotes":""},"class_list":["post-1049","page","type-page","status-publish","hentry"],"acf":[],"_links":{"self":[{"href":"https:\/\/tugobikeshare.com\/es\/wp-json\/wp\/v2\/pages\/1049","targetHints":{"allow":["GET"]}}],"collection":[{"href":"https:\/\/tugobikeshare.com\/es\/wp-json\/wp\/v2\/pages"}],"about":[{"href":"https:\/\/tugobikeshare.com\/es\/wp-json\/wp\/v2\/types\/page"}],"author":[{"embeddable":true,"href":"https:\/\/tugobikeshare.com\/es\/wp-json\/wp\/v2\/users\/1"}],"replies":[{"embeddable":true,"href":"https:\/\/tugobikeshare.com\/es\/wp-json\/wp\/v2\/comments?post=1049"}],"version-history":[{"count":9,"href":"https:\/\/tugobikeshare.com\/es\/wp-json\/wp\/v2\/pages\/1049\/revisions"}],"predecessor-version":[{"id":1636,"href":"https:\/\/tugobikeshare.com\/es\/wp-json\/wp\/v2\/pages\/1049\/revisions\/1636"}],"wp:attachment":[{"href":"https:\/\/tugobikeshare.com\/es\/wp-json\/wp\/v2\/media?parent=1049"}],"curies":[{"name":"wp","href":"https:\/\/api.w.org\/{rel}","templated":true}]}}